{"id":2,"date":"2022-07-28T08:40:37","date_gmt":"2022-07-28T08:40:37","guid":{"rendered":"https:\/\/demo.creativethemes.com\/blocksy\/beverr\/?page_id=2"},"modified":"2026-05-07T18:47:57","modified_gmt":"2026-05-07T18:47:57","slug":"home","status":"publish","type":"page","link":"https:\/\/patduarte.com.br\/pt\/","title":{"rendered":"Home"},"content":{"rendered":"\n<div class=\"alignfull wp-block-stackable-columns stk-block-columns stk-block stk-0d80ef2 stk-block-background stk--has-background-overlay\" data-block-id=\"0d80ef2\"><style>.stk-0d80ef2 {background-color:var(--theme-palette-color-1, #007f5f) !important;background-image:url(https:\/\/patduarte.com.br\/wp-content\/uploads\/2022\/07\/waves-background.svg) !important;background-position:bottom center !important;background-repeat:no-repeat !important;background-size:90vw !important;padding-top:100px !important;padding-bottom:0px !important;margin-bottom:0px !important;overflow:visible !important;}.stk-0d80ef2:before{background-color:var(--theme-palette-color-1, #007f5f) !important;opacity:0.8 !important;}.stk-0d80ef2 .stk-container{overflow:visible !important;}.stk-0d80ef2-column{--stk-column-gap:10px !important;row-gap:50px !important;}@media screen and (max-width:999px){.stk-0d80ef2 {background-size:auto !important;padding-bottom:100px !important;}}@media screen and (max-width:689px){.stk-0d80ef2 {background-size:1px !important;}}<\/style><div class=\"stk-row stk-inner-blocks stk-block-content stk-content-align stk-0d80ef2-column\">\n<div class=\" wp-block-stackable-column stk-block-column stk-column stk-block stk-3914acd\" data-v=\"4\" data-block-id=\"3914acd\"><style>.stk-3914acd-container{margin-top:0px !important;margin-right:0px !important;margin-bottom:0px !important;margin-left:0px !important;}.stk-3914acd {padding-bottom:50px !important;}@media screen and (max-width:999px){.stk-3914acd {align-self:center !important;padding-top:0px !important;padding-right:0px !important;padding-bottom:0px !important;padding-left:0px !important;}}<\/style><div class=\"stk-column-wrapper stk-block-column__content stk-container stk-3914acd-container stk--no-background stk--no-padding\"><div class=\"stk-block-content stk-inner-blocks stk-3914acd-inner-blocks\">\n<div class=\"wp-block-stackable-text stk-block-text stk-block stk-1f55d94\" data-block-id=\"1f55d94\"><style>.stk-1f55d94 {margin-bottom:20px !important;}.stk-1f55d94 .stk-block-text__text{font-size:24px !important;color:var(--theme-palette-color-8, #ffffff) !important;font-weight:600 !important;}@media screen and (max-width:999px){.stk-1f55d94 {margin-bottom:10px !important;}.stk-1f55d94 .stk-block-text__text{font-size:18px !important;}}<\/style><p class=\"stk-block-text__text has-text-color has-text-align-center-mobile\">Oi, meu nome \u00e9<\/p><\/div>\n\n\n\n<div class=\"wp-block-stackable-heading stk-block-heading stk-block-heading--v2 stk-block stk-f8422b8\" id=\"pat-br-duarte\" data-block-id=\"f8422b8\"><style>.stk-f8422b8 {margin-bottom:20px !important;}.stk-f8422b8 .stk-block-heading__text{font-size:99px !important;color:var(--theme-palette-color-8, #ffffff) !important;line-height:0.9em !important;text-transform:uppercase !important;}@media screen and (max-width:999px){.stk-f8422b8 .stk-block-heading__text{font-size:70px !important;}}@media screen and (max-width:689px){.stk-f8422b8 .stk-block-heading__text{font-size:90px !important;}}<\/style><h2 class=\"stk-block-heading__text has-text-color has-text-align-center-mobile\">Pat<br>Duarte<\/h2><\/div>\n\n\n\n<div class=\"wp-block-stackable-image stk-block-image has-text-align-left has-text-align-center-mobile stk-block stk-f87292c\" data-block-id=\"f87292c\"><style>.stk-f87292c {max-width:681px !important;min-width:auto !important;}.stk-f87292c .stk-img-wrapper{width:250px !important;}@media screen and (max-width:999px){.stk-f87292c .stk-img-wrapper{width:70% !important;}}@media screen and (max-width:689px){.stk-f87292c {margin-bottom:30px !important;}}<\/style><figure><span class=\"stk-img-wrapper stk-image--shape-stretch\"><img loading=\"lazy\" decoding=\"async\" class=\"stk-img wp-image-31\" src=\"https:\/\/patduarte.com.br\/wp-content\/uploads\/2022\/07\/decorative-line-1.svg\" width=\"250\" height=\"300\"\/><\/span><\/figure><\/div>\n\n\n\n<div class=\"wp-block-stackable-text stk-block-text stk-block stk-e0a48cf\" data-block-id=\"e0a48cf\"><style>.stk-e0a48cf {margin-bottom:0px !important;opacity:0.7 !important;}.stk-e0a48cf .stk-block-text__text{font-size:22px !important;color:var(--theme-palette-color-8, #ffffff) !important;font-weight:500 !important;text-transform:uppercase !important;}@media screen and (max-width:999px){.stk-e0a48cf .stk-block-text__text{font-size:18px !important;}}<\/style><p class=\"stk-block-text__text has-text-color has-text-align-center-mobile\">UX\/Product Designer Specialist<\/p><\/div>\n<\/div><\/div><\/div>\n\n\n\n<div class=\" wp-block-stackable-column stk-block-column stk-column stk-block stk-7a8a749\" data-v=\"4\" data-block-id=\"7a8a749\"><style>.stk-7a8a749-container{margin-top:0px !important;margin-right:0px !important;margin-bottom:0px !important;margin-left:0px !important;}.stk-7a8a749-inner-blocks{justify-content:flex-end !important;}.stk-7a8a749 {padding-bottom:50px !important;}@media screen and (max-width:999px){.stk-7a8a749 {align-self:center !important;padding-top:0px !important;padding-right:0px !important;padding-bottom:0px !important;padding-left:0px !important;}}<\/style><div class=\"stk-column-wrapper stk-block-column__content stk-container stk-7a8a749-container stk--no-background stk--no-padding\"><div class=\"has-text-align-right stk--column-flex stk-block-content stk-inner-blocks stk-7a8a749-inner-blocks\">\n<h2 class=\"wp-block-heading alignwide has-text-align-right has-large-font-size\"><span style=\"color: #fffffe;\" class=\"stk-highlight\">Transformar <\/span> <span style=\"color: #fffffe;\" class=\"stk-highlight\">complexidade em<\/span> <span style=\"color: #fffffe;\" class=\"stk-highlight\"> <\/span><br><span style=\"color: #fffffe;\" class=\"stk-highlight\">experi\u00eancias digitais<\/span> <span style=\"color: #fffffe;\" class=\"stk-highlight\">mais claras<\/span><\/h2>\n<\/div><\/div><\/div>\n<\/div><\/div>\n\n\n\n<div class=\"wp-block-cover alignfull is-light has-small-font-size\" style=\"margin-top:0;margin-bottom:0;padding-top:var(--wp--preset--spacing--40);padding-right:var(--wp--preset--spacing--20);padding-bottom:var(--wp--preset--spacing--40);padding-left:var(--wp--preset--spacing--20)\"><span aria-hidden=\"true\" class=\"wp-block-cover__background has-background-dim-100 has-background-dim\" style=\"background-color:#ffffff\"><\/span><div class=\"wp-block-cover__inner-container is-layout-flow wp-container-core-cover-is-layout-82711b5f wp-block-cover-is-layout-flow\">\n<div class=\"wp-block-media-text alignwide is-stacked-on-mobile\" style=\"margin-right:var(--wp--preset--spacing--80);margin-left:var(--wp--preset--spacing--80);padding-top:var(--wp--preset--spacing--20);padding-bottom:var(--wp--preset--spacing--20);grid-template-columns:25% auto\"><figure class=\"wp-block-media-text__media\"><img loading=\"lazy\" decoding=\"async\" width=\"300\" height=\"300\" src=\"https:\/\/patduarte.com.br\/wp-content\/uploads\/2023\/09\/15-300x300.png\" alt=\"\" class=\"wp-image-125 size-medium\" srcset=\"https:\/\/patduarte.com.br\/wp-content\/uploads\/2023\/09\/15-300x300.png 300w, https:\/\/patduarte.com.br\/wp-content\/uploads\/2023\/09\/15-150x150.png 150w, https:\/\/patduarte.com.br\/wp-content\/uploads\/2023\/09\/15.png 320w\" sizes=\"auto, (max-width: 300px) 100vw, 300px\" \/><\/figure><div class=\"wp-block-media-text__content\">\n<h2 class=\"wp-block-heading has-text-color\" style=\"color:#000000;font-size:clamp(20px, 1.25rem + ((1vw - 3.2px) * 0.938), 32px);\"><strong>Quem sou?<\/strong><\/h2>\n\n\n\n<p class=\"has-text-color\" style=\"color:#000000;font-size:clamp(14px, 0.875rem + ((1vw - 3.2px) * 0.234), 17px);\">Trabalho com produtos digitais, canais de clientes, sistemas internos, jornadas e experi\u00eancias de autosservi\u00e7o. Minha pr\u00e1tica combina UX Research, arquitetura da informa\u00e7\u00e3o, prototipa\u00e7\u00e3o, an\u00e1lise de dados e estrat\u00e9gia de produto para transformar contextos complexos em experi\u00eancias mais claras, \u00fateis e centradas nas pessoas.<\/p>\n\n\n\n<div class=\"wp-block-buttons is-layout-flex wp-block-buttons-is-layout-flex\">\n<div class=\"is-style-fill wp-block-button\"><a class=\"wp-block-button__link wp-element-button\" href=\"https:\/\/patduarte.com.br\/pt\/about\/\">Saber mais<\/a><\/div>\n<\/div>\n<\/div><\/div>\n<\/div><\/div>\n\n\n\n<div class=\"wp-block-stackable-columns alignfull stk-block-columns stk-block stk-2bc1d83 stk-block-background\" data-block-id=\"2bc1d83\"><style>.stk-2bc1d83 {background-color:var(--theme-palette-color-6, #F2F7F6) !important;padding-top:300px !important;padding-bottom:150px !important;margin-bottom:0px !important;}.stk-2bc1d83:before{background-color:var(--theme-palette-color-6, #F2F7F6) !important;}@media screen and (max-width:999px){.stk-2bc1d83 {padding-top:250px !important;padding-bottom:100px !important;}}@media screen and (max-width:689px){.stk-2bc1d83 {padding-top:100px !important;}}<\/style><div class=\"stk-row stk-inner-blocks stk-block-content stk-content-align stk-2bc1d83-column\">\n<div class=\" wp-block-stackable-column stk-block-column stk-column stk-block stk-9af69f3\" data-v=\"4\" data-block-id=\"9af69f3\"><style>.stk-9af69f3-container{margin-top:0px !important;margin-right:0px !important;margin-bottom:0px !important;margin-left:0px !important;}<\/style><div class=\"stk-column-wrapper stk-block-column__content stk-container stk-9af69f3-container stk--no-background stk--no-padding\"><div class=\"stk-block-content stk-inner-blocks stk-9af69f3-inner-blocks\">\n<div class=\"wp-block-stackable-columns stk-block-columns stk-block stk-3bd42b2\" id=\"lets-talk-about-br-your-project\" data-block-id=\"3bd42b2\"><style>.stk-3bd42b2 {max-width:1000px !important;min-width:auto !important;margin-right:auto !important;margin-bottom:0px !important;margin-left:auto !important;}<\/style><div class=\"stk-row stk-inner-blocks stk-block-content stk-content-align stk-3bd42b2-column\">\n<div class=\" wp-block-stackable-column stk-block-column stk-column stk-block stk-19141ab\" data-v=\"4\" data-block-id=\"19141ab\"><style>.stk-19141ab-container{margin-top:0px !important;margin-right:auto !important;margin-bottom:0px !important;margin-left:auto !important;border-radius:1000px !important;overflow:hidden !important;box-shadow:none !important;border-style:solid !important;border-color:var(--theme-palette-color-5, #E6F0EE) !important;border-top-width:2px !important;border-right-width:2px !important;border-bottom-width:2px !important;border-left-width:2px !important;min-height:0px !important;max-width:344px !important;min-width:auto !important;}.stk-19141ab-inner-blocks{justify-content:center !important;}.stk-19141ab {top:-150px !important;right:-25px !important;}@media screen and (max-width:689px){.stk-19141ab-container{border-radius:20px !important;overflow:hidden !important;min-height:350px !important;}.stk-19141ab {top:0px !important;right:0px !important;}}<\/style><div class=\"stk-column-wrapper stk-block-column__content stk-container stk-19141ab-container stk-hover-parent\"><div class=\"has-text-align-center stk--column-flex stk-block-content stk-inner-blocks stk-19141ab-inner-blocks\">\n<div class=\"wp-block-stackable-text stk-block-text stk-block stk-539991d\" data-block-id=\"539991d\"><style>.stk-539991d .stk-block-text__text{color:var(--theme-palette-color-1, #096A61) !important;font-weight:600 !important;}<\/style><p class=\"stk-block-text__text has-text-color has-text-align-center\">Tem alguma ideia?<\/p><\/div>\n\n\n\n<div class=\"wp-block-stackable-heading stk-block-heading stk-block-heading--v2 stk-block stk-a8ab3d8\" id=\"vamos-conversar\" data-block-id=\"a8ab3d8\"><style>.stk-a8ab3d8 .stk-block-heading__text{font-size:45px !important;}@media screen and (max-width:999px){.stk-a8ab3d8 .stk-block-heading__text{font-size:35px !important;}}<\/style><h2 class=\"stk-block-heading__text has-text-align-center\">vamos conversar<\/h2><\/div>\n\n\n\n<div class=\"wp-block-stackable-button-group stk-block-button-group stk-block stk-b35f396\" data-block-id=\"b35f396\"><div class=\"stk-row stk-inner-blocks has-text-align-center stk-block-content stk-button-group\">\n<div class=\"wp-block-stackable-button stk-block-button stk-block stk-2800fdd\" data-block-id=\"2800fdd\"><style>.stk-2800fdd .stk-button{padding-top:15px !important;padding-right:40px !important;padding-bottom:15px !important;padding-left:40px !important;background:var(--theme-palette-color-1, #096A61) !important;border-top-left-radius:20px !important;border-top-right-radius:20px !important;border-bottom-right-radius:20px !important;border-bottom-left-radius:20px !important;}.stk-2800fdd .stk-button:hover:after{background:var(--theme-palette-color-2, #FDD746) !important;opacity:1 !important;}.stk-2800fdd .stk-button__inner-text{font-size:17px !important;color:var(--theme-palette-color-8, #ffffff) !important;font-weight:600 !important;text-transform:uppercase !important;}.stk-2800fdd .stk-button:hover .stk-button__inner-text{color:var(--theme-palette-color-4, #192c27) !important;}@media screen and (max-width:999px){.stk-2800fdd .stk-button__inner-text{font-size:17px !important;}}<\/style><a class=\"stk-link stk-button stk--hover-effect-darken\" href=\"https:\/\/patduarte.com.br\/contacts\/\"><span class=\"has-text-color stk-button__inner-text\">Falar comigo<\/span><\/a><\/div>\n<\/div><\/div>\n<\/div><\/div><\/div>\n<\/div><\/div>\n<\/div><\/div><\/div>\n<\/div><\/div>\n\n\n","protected":false},"excerpt":{"rendered":"<p>Oi, meu nome \u00e9 PatDuarte UX\/Product Designer Specialist Transformar complexidade em experi\u00eancias digitais mais claras Tem alguma ideia? vamos conversar Falar comigo<\/p>\n","protected":false},"author":1,"featured_media":0,"parent":0,"menu_order":0,"comment_status":"closed","ping_status":"closed","template":"","meta":{"nf_dc_page":"","footnotes":""},"class_list":["post-2","page","type-page","status-publish","hentry"],"blocksy_meta":{"styles_descriptor":{"styles":{"desktop":"","tablet":"","mobile":""},"google_fonts":[],"version":6},"page_title_panel":"","has_hero_section":"disabled","447e12147fcad1e80bf3160954e9dfa6":"","hero_section":"type-1","hero_elements":[{"id":"custom_title","enabled":true,"heading_tag":"h1","title":"Home"},{"id":"custom_description","enabled":true,"description_visibility":{"desktop":true,"tablet":true,"mobile":false}},{"id":"custom_meta","enabled":false,"meta_elements":[{"id":"author","enabled":true,"label":"By","has_author_avatar":"yes","avatar_size":25},{"id":"post_date","enabled":true,"label":"On","date_format_source":"default","date_format":"M j, Y"},{"id":"updated_date","enabled":false,"label":"On","date_format_source":"default","date_format":"M j, Y"},{"id":"categories","enabled":false,"label":"In","style":"simple"},{"id":"comments","enabled":true}],"page_meta_elements":{"joined":true,"articles_count":true,"comments":true}},{"id":"breadcrumbs","enabled":false}],"d93499265f9a1bfa170edf4a97e58c11":"","hero_alignment1":"CT_CSS_SKIP_RULE","hero_margin":40,"hero_alignment2":"center","hero_vertical_alignment":"center","2685e16bf77d0f74b0716b2673412397":"","hero_structure":"narrow","c63a3496ff2f74f08d199fc17d9dc85b":"","page_title_bg_type":"featured_image","custom_hero_background":{"attachment_id":null},"page_title_image_size":"full","parallax":{"desktop":false,"tablet":false,"mobile":false},"bdf5d38b17cdf3ede1279794fa9faf53":"","hero_height":"250px","pageTitleFont":{"family":"Default","variation":"Default","size":"30px","line-height":"CT_CSS_SKIP_RULE","letter-spacing":"CT_CSS_SKIP_RULE","text-transform":"CT_CSS_SKIP_RULE","text-decoration":"CT_CSS_SKIP_RULE"},"pageTitleFontColor":{"default":{"color":"CT_CSS_SKIP_RULEDEFAULT"}},"pageMetaFont":{"family":"Default","variation":"n6","size":"12px","line-height":"1.3","letter-spacing":"CT_CSS_SKIP_RULE","text-transform":"uppercase","text-decoration":"CT_CSS_SKIP_RULE"},"pageMetaFontColor":{"default":{"color":"CT_CSS_SKIP_RULEDEFAULT"},"hover":{"color":"CT_CSS_SKIP_RULEDEFAULT"}},"page_meta_button_type_font_colors":{"default":{"color":"CT_CSS_SKIP_RULEDEFAULT"},"hover":{"color":"CT_CSS_SKIP_RULEDEFAULT"}},"page_meta_button_type_background_colors":{"default":{"color":"CT_CSS_SKIP_RULEDEFAULT"},"hover":{"color":"CT_CSS_SKIP_RULEDEFAULT"}},"pageExcerptFont":{"family":"Default","variation":"Default","size":"CT_CSS_SKIP_RULE","line-height":"CT_CSS_SKIP_RULE","letter-spacing":"CT_CSS_SKIP_RULE","text-transform":"CT_CSS_SKIP_RULE","text-decoration":"CT_CSS_SKIP_RULE"},"pageExcerptColor":{"default":{"color":"CT_CSS_SKIP_RULEDEFAULT"}},"breadcrumbsFont":{"family":"Default","variation":"Default","size":"CT_CSS_SKIP_RULE","line-height":"CT_CSS_SKIP_RULE","letter-spacing":"CT_CSS_SKIP_RULE","text-transform":"CT_CSS_SKIP_RULE","text-decoration":"CT_CSS_SKIP_RULE"},"breadcrumbsFontColor":{"default":{"color":"CT_CSS_SKIP_RULEDEFAULT"},"initial":{"color":"CT_CSS_SKIP_RULEDEFAULT"},"hover":{"color":"CT_CSS_SKIP_RULEDEFAULT"}},"pageTitleOverlay":{"background_type":"color","background_pattern":"type-1","background_image":{"attachment_id":null,"x":0,"y":0},"gradient":"linear-gradient(135deg,rgba(6,147,227,1) 0%,rgb(155,81,224) 100%)","background_repeat":"repeat","background_size":"auto","background_attachment":"scroll","patternColor":{"default":{"color":"#e5e7ea"}},"overlayColor":{"default":{"color":"CT_CSS_SKIP_RULE"}},"backgroundColor":{"default":{"color":"CT_CSS_SKIP_RULE"}}},"pageTitleBackground":{"background_type":"color","background_pattern":"type-1","background_image":{"attachment_id":null,"x":0,"y":0},"gradient":"linear-gradient(135deg,rgba(6,147,227,1) 0%,rgb(155,81,224) 100%)","background_repeat":"repeat","background_size":"auto","background_attachment":"scroll","patternColor":{"default":{"color":"#e5e7ea"}},"overlayColor":{"default":{"color":"CT_CSS_SKIP_RULE"}},"backgroundColor":{"default":{"color":"var(--theme-palette-color-6)"}}},"pageTitlePadding":{"top":"50px","bottom":"50px","left":"auto","right":"auto","linked":true},"dbe61145cb53911ad3a4a895974168fd":"","page_structure_type":"default","8536c54f72c5b5ca7d16dbc5b6765d70":"","content_style_source":"inherit","content_style":"wide","vertical_spacing_source":"custom","content_area_spacing":"none","background":{"background_type":"color","background_pattern":"type-1","background_image":{"attachment_id":null,"x":0,"y":0},"gradient":"linear-gradient(135deg,rgba(6,147,227,1) 0%,rgb(155,81,224) 100%)","background_repeat":"repeat","background_size":"auto","background_attachment":"scroll","patternColor":{"default":{"color":"#e5e7ea"}},"overlayColor":{"default":{"color":"CT_CSS_SKIP_RULE"}},"backgroundColor":{"default":{"color":"CT_CSS_SKIP_RULE"}}},"content_background":{"background_type":"color","background_pattern":"type-1","background_image":{"attachment_id":null,"x":0,"y":0},"gradient":"linear-gradient(135deg,rgba(6,147,227,1) 0%,rgb(155,81,224) 100%)","background_repeat":"repeat","background_size":"auto","background_attachment":"scroll","patternColor":{"default":{"color":"#e5e7ea"}},"overlayColor":{"default":{"color":"CT_CSS_SKIP_RULE"}},"backgroundColor":{"default":{"color":"var(--theme-palette-color-8)"}}},"content_boxed_shadow":{"inherit":false,"blur":18,"spread":-6,"v_offset":12,"h_offset":0,"inset":false,"enable":true,"color":{"color":"rgba(34, 56, 101, 0.04)"}},"content_boxed_border":{"width":1,"style":"none","color":{"color":"rgba(44,62,80,0.2)"}},"content_boxed_radius":{"top":"3px","bottom":"3px","left":"3px","right":"3px","linked":true},"boxed_content_spacing":{"desktop":{"top":"40px","bottom":"40px","left":"40px","right":"40px","linked":true},"tablet":{"top":"35px","bottom":"35px","left":"35px","right":"35px","linked":true},"mobile":{"top":"20px","bottom":"20px","left":"20px","right":"20px","linked":true}},"fc03e7d3f6b3ae7f7f3eebfc068474d1":"","disable_featured_image":"no","disable_share_box":"no","disable_header":"no","disable_footer":"no"},"_links":{"self":[{"href":"https:\/\/patduarte.com.br\/pt\/wp-json\/wp\/v2\/pages\/2","targetHints":{"allow":["GET"]}}],"collection":[{"href":"https:\/\/patduarte.com.br\/pt\/wp-json\/wp\/v2\/pages"}],"about":[{"href":"https:\/\/patduarte.com.br\/pt\/wp-json\/wp\/v2\/types\/page"}],"author":[{"embeddable":true,"href":"https:\/\/patduarte.com.br\/pt\/wp-json\/wp\/v2\/users\/1"}],"replies":[{"embeddable":true,"href":"https:\/\/patduarte.com.br\/pt\/wp-json\/wp\/v2\/comments?post=2"}],"version-history":[{"count":5,"href":"https:\/\/patduarte.com.br\/pt\/wp-json\/wp\/v2\/pages\/2\/revisions"}],"predecessor-version":[{"id":701,"href":"https:\/\/patduarte.com.br\/pt\/wp-json\/wp\/v2\/pages\/2\/revisions\/701"}],"wp:attachment":[{"href":"https:\/\/patduarte.com.br\/pt\/wp-json\/wp\/v2\/media?parent=2"}],"curies":[{"name":"wp","href":"https:\/\/api.w.org\/{rel}","templated":true}]}}