{"id":6,"date":"2022-07-28T08:43:23","date_gmt":"2022-07-28T08:43:23","guid":{"rendered":"https:\/\/demo.creativethemes.com\/blocksy\/beverr\/?page_id=6"},"modified":"2026-05-07T18:38:41","modified_gmt":"2026-05-07T18:38:41","slug":"about","status":"publish","type":"page","link":"https:\/\/patduarte.com.br\/en\/about\/","title":{"rendered":"About"},"content":{"rendered":"<div class=\"wp-block-stackable-columns alignfull stk-block-columns stk-block stk-590096d stk-block-background stk--has-background-overlay\" data-block-id=\"590096d\"><style>.stk-590096d{background-color:var(--theme-palette-color-1,#007f5f) !important;background-image:url(https:\/\/patduarte.com.br\/wp-content\/uploads\/2022\/07\/waves-background.svg) !important;background-position:bottom center !important;background-repeat:no-repeat !important;background-size:90vw !important;padding-top:100px !important;padding-bottom:0px !important;margin-bottom:120px !important;overflow:visible !important}.stk-590096d:before{background-color:var(--theme-palette-color-1,#007f5f) !important;opacity:0.8 !important}.stk-590096d .stk-container{overflow:visible !important}.stk-590096d-column{--stk-column-gap:20px !important;row-gap:50px !important}@media screen and (max-width:1023px){.stk-590096d{margin-bottom:100px !important}}@media screen and (max-width:767px){.stk-590096d{background-size:1px !important;padding-bottom:100px !important}}<\/style><div class=\"stk-row stk-inner-blocks stk-block-content stk-content-align stk-590096d-column\">\n<div class=\"wp-block-stackable-column stk-block-column stk-column stk-block stk-a592ea9\" data-block-id=\"a592ea9\"><style>.stk-a592ea9-container{margin-top:0px !important;margin-right:0px !important;margin-bottom:0px !important;margin-left:100px !important;display:flex !important}.stk-a592ea9{padding-bottom:100px !important}.stk-a592ea9-inner-blocks{justify-content:center !important}@media screen and (min-width:768px){.stk-a592ea9{flex:1 1 calc(60% - var(--stk-column-gap,0px) * 1 \/ 2 ) !important}}@media screen and (min-width:768px) and (max-width:1023px){.stk-a592ea9{flex:0 1 calc(60% - var(--stk-column-gap,0px) * 1 \/ 2 ) !important}}@media screen and max-width:767px){.stk-a592ea9{padding-bottom:0px !important}}<\/style><div class=\"stk-column-wrapper stk-block-column__content stk-container stk-a592ea9-container stk--no-background stk--no-padding\"><div class=\"stk-block-content stk-inner-blocks stk-a592ea9-inner-blocks\">\n<div class=\"wp-block-stackable-heading stk-block-heading stk-block-heading--v2 stk-block stk-95f172e\" id=\"estudos-de-caso\" data-block-id=\"95f172e\"><style>.stk-95f172e{margin-bottom:20px !important}.stk-95f172e .stk-block-heading__text{font-size:100px !important;color:var(--theme-palette-color-8,#ffffff) !important;line-height:0.9em !important;text-transform:uppercase !important}@media screen and (max-width:1023px){.stk-95f172e .stk-block-heading__text{font-size:70px !important}}<\/style><h2 class=\"stk-block-heading__text has-text-color has-text-align-center-mobile\">About me<\/h2><\/div>\n<div class=\"wp-block-stackable-image stk-block-image has-text-align-left has-text-align-center-mobile stk-block stk-5559cb5\" data-block-id=\"5559cb5\"><style>.stk-5559cb5{margin-bottom:0px !important}.stk-5559cb5 .stk-img-wrapper{width:250px !important}@media screen and (max-width:1023px){.stk-5559cb5 .stk-img-wrapper{width:50% !important}}<\/style><figure class=\"stk-img-wrapper stk-image--shape-stretch\"><img loading=\"lazy\" decoding=\"async\" class=\"stk-img wp-image-31\" src=\"https:\/\/patduarte.com.br\/wp-content\/uploads\/2022\/07\/decorative-line-1.svg\" width=\"250\" height=\"300\"\/><\/figure><\/div>\n<\/div><\/div><\/div>\n<div class=\"wp-block-stackable-column stk-block-column stk-column stk-block stk-0f6ab1a\" data-block-id=\"0f6ab1a\"><style>.stk-0f6ab1a-container{margin-top:0px !important;margin-right:0px !important;margin-bottom:0px !important;margin-left:0px !important}@media screen and (min-width:768px){.stk-0f6ab1a{flex:1 1 calc(40% - var(--stk-column-gap,0px) * 1 \/ 2 ) !important}}@media screen and (min-width:768px) and (max-width:1023px){.stk-0f6ab1a{flex:0 1 calc(40% - var(--stk-column-gap,0px) * 1 \/ 2 ) !important}}<\/style><div class=\"stk-column-wrapper stk-block-column__content stk-container stk-0f6ab1a-container stk--no-background stk--no-padding\"><div class=\"stk-block-content stk-inner-blocks stk-0f6ab1a-inner-blocks\"><\/div><\/div><\/div>\n<\/div><\/div>\n\n\n\n<h1 class=\"wp-block-heading\">Sobre Mim<\/h1>\n\n\n\n<h2 class=\"wp-block-heading\"><\/h2>\n\n\n\n<div class=\"wp-block-stackable-columns stk-block-columns stk-block stk-8e06692\" data-block-id=\"8e06692\"><div class=\"stk-row stk-inner-blocks stk-block-content stk-content-align stk-8e06692-column\">\n<div class=\"wp-block-stackable-column stk-block-column stk-column stk-block stk-8694740\" data-v=\"4\" data-block-id=\"8694740\"><style>@media screen and (min-width:690px){.stk-8694740 {flex:var(--stk-flex-grow, 1) 1 66.7% !important;}}<\/style><div class=\"stk-column-wrapper stk-block-column__content stk-container stk-8694740-container stk--no-background stk--no-padding\"><div class=\"stk-block-content stk-inner-blocks stk-8694740-inner-blocks\">\n<h2 class=\"wp-block-heading\"><strong>Transformation Through Design<\/strong><\/h2>\n\n\n\n<p class=\"\">Sou UX\/Product Designer Specialist, pesquisadora e professora universit\u00e1ria, com trajet\u00f3ria em produtos digitais, canais de clientes, sistemas internos e experi\u00eancias de autosservi\u00e7o.<\/p>\n\n\n\n<p class=\"\">Trabalho principalmente em contextos com m\u00faltiplas regras, integra\u00e7\u00f5es, dados, stakeholders e necessidades diferentes. Gosto de organizar esse tipo de complexidade: entender o problema, ouvir usu\u00e1rios e \u00e1reas envolvidas, estruturar informa\u00e7\u00f5es, mapear jornadas, testar caminhos e transformar tudo isso em experi\u00eancias mais claras, \u00fateis e coerentes.<\/p>\n\n\n\n<p class=\"\">Sou mestre em Economia Criativa, Estrat\u00e9gia e Inova\u00e7\u00e3o pela ESPM, com pesquisa aplicada em design centrado no humano, experi\u00eancia do estudante e educa\u00e7\u00e3o digital. Tamb\u00e9m atuo como professora universit\u00e1ria e formadora de profissionais em UX, design digital e cultura digital.<\/p>\n\n\n\n<h2 class=\"wp-block-heading\"><strong>Let\u2019s Connect<\/strong><\/h2>\n\n\n\n<p class=\"\">I\u2019m always open to new opportunities to impact design and digital innovation. Want to improve user experience in your project? Let\u2019s talk!<\/p>\n<\/div><\/div><\/div>\n\n\n\n<div class=\"wp-block-stackable-column stk-block-column stk-column stk-block stk-32efe9b\" data-v=\"4\" data-block-id=\"32efe9b\"><style>@media screen and (min-width:690px){.stk-32efe9b {flex:var(--stk-flex-grow, 1) 1 33.3% !important;}}<\/style><div class=\"stk-column-wrapper stk-block-column__content stk-container stk-32efe9b-container stk--no-background stk--no-padding\"><div class=\"stk-block-content stk-inner-blocks stk-32efe9b-inner-blocks\">\n<figure class=\"wp-block-image size-full\"><img loading=\"lazy\" decoding=\"async\" width=\"540\" height=\"960\" src=\"https:\/\/patduarte.com.br\/wp-content\/uploads\/2024\/10\/patduarte2.png\" alt=\"\" class=\"wp-image-683\" srcset=\"https:\/\/patduarte.com.br\/wp-content\/uploads\/2024\/10\/patduarte2.png 540w, https:\/\/patduarte.com.br\/wp-content\/uploads\/2024\/10\/patduarte2-169x300.png 169w, https:\/\/patduarte.com.br\/wp-content\/uploads\/2024\/10\/patduarte2-7x12.png 7w\" sizes=\"auto, (max-width: 540px) 100vw, 540px\" \/><\/figure>\n<\/div><\/div><\/div>\n<\/div><\/div>\n\n\n\n<hr class=\"wp-block-separator has-alpha-channel-opacity\"\/>\n\n\n\n<div class=\"wp-block-stackable-columns stk-block-columns stk-block stk-ee1b672\" data-block-id=\"ee1b672\"><div class=\"stk-row stk-inner-blocks stk-block-content stk-content-align stk-ee1b672-column\">\n<div class=\"wp-block-stackable-column stk-block-column stk-column stk-block stk-8a10511\" data-v=\"4\" data-block-id=\"8a10511\"><div class=\"stk-column-wrapper stk-block-column__content stk-container stk-8a10511-container stk--no-background stk--no-padding\"><div class=\"stk-block-content stk-inner-blocks stk-8a10511-inner-blocks\">\n<figure class=\"wp-block-image size-large\"><img loading=\"lazy\" decoding=\"async\" width=\"1024\" height=\"1024\" src=\"https:\/\/patduarte.com.br\/wp-content\/uploads\/2024\/10\/2-1024x1024.png\" alt=\"\" class=\"wp-image-677\" srcset=\"https:\/\/patduarte.com.br\/wp-content\/uploads\/2024\/10\/2-1024x1024.png 1024w, https:\/\/patduarte.com.br\/wp-content\/uploads\/2024\/10\/2-300x300.png 300w, https:\/\/patduarte.com.br\/wp-content\/uploads\/2024\/10\/2-150x150.png 150w, https:\/\/patduarte.com.br\/wp-content\/uploads\/2024\/10\/2-768x768.png 768w, https:\/\/patduarte.com.br\/wp-content\/uploads\/2024\/10\/2-12x12.png 12w, https:\/\/patduarte.com.br\/wp-content\/uploads\/2024\/10\/2.png 1080w\" sizes=\"auto, (max-width: 1024px) 100vw, 1024px\" \/><\/figure>\n\n\n\n<h4 class=\"wp-block-heading\">Design de aplicativos <br>na transforma\u00e7\u00e3o digital<\/h4>\n\n\n\n<p class=\"\">I developed this free course for ENAP with the goal of training citizens and public officials in app design. With a 25-hour curriculum, I teach how app design drives digital transformation and meets society's needs. I will guide you through human-centered creation and innovation processes, focusing on digital solutions that make a difference. At the end, you will receive an ENAP certificate and be ready to apply this knowledge in your professional context.<\/p>\n\n\n\n<div class=\"wp-block-buttons alignwide is-content-justification-center is-layout-flex wp-container-core-buttons-is-layout-a89b3969 wp-block-buttons-is-layout-flex\">\n<div class=\"wp-block-button\"><a class=\"wp-block-button__link has-text-align-center wp-element-button\" href=\"https:\/\/www.escolavirtual.gov.br\/curso\/803\" target=\"_blank\" rel=\"noreferrer noopener\">learn about the course<\/a><\/div>\n<\/div>\n<\/div><\/div><\/div>\n\n\n\n<div class=\"wp-block-stackable-column stk-block-column stk-column stk-block stk-ab6430d\" data-v=\"4\" data-block-id=\"ab6430d\"><div class=\"stk-column-wrapper stk-block-column__content stk-container stk-ab6430d-container stk--no-background stk--no-padding\"><div class=\"stk-block-content stk-inner-blocks stk-ab6430d-inner-blocks\">\n<figure class=\"wp-block-image size-large\"><img loading=\"lazy\" decoding=\"async\" width=\"1024\" height=\"1024\" src=\"https:\/\/patduarte.com.br\/wp-content\/uploads\/2024\/10\/1-1024x1024.png\" alt=\"\" class=\"wp-image-678\" srcset=\"https:\/\/patduarte.com.br\/wp-content\/uploads\/2024\/10\/1-1024x1024.png 1024w, https:\/\/patduarte.com.br\/wp-content\/uploads\/2024\/10\/1-300x300.png 300w, https:\/\/patduarte.com.br\/wp-content\/uploads\/2024\/10\/1-150x150.png 150w, https:\/\/patduarte.com.br\/wp-content\/uploads\/2024\/10\/1-768x768.png 768w, https:\/\/patduarte.com.br\/wp-content\/uploads\/2024\/10\/1-12x12.png 12w, https:\/\/patduarte.com.br\/wp-content\/uploads\/2024\/10\/1.png 1080w\" sizes=\"auto, (max-width: 1024px) 100vw, 1024px\" \/><\/figure>\n\n\n\n<h3 class=\"wp-block-heading\">P\u00f3s em Design Digital: <br>UX\/UI para Inova\u00e7\u00e3o<\/h3>\n\n\n\n<p class=\"\">As a professor in this postgraduate program, I teach techniques and methodologies that place the user at the center of product development. I design and teach courses in Lean UX, Product Discovery, UX Research, and Solution Validation, helping students from various fields understand the importance of identifying and validating real needs. My role is to empower professionals to apply user-centered design, creating solutions that truly meet market demands. If you want to innovate with purpose, this course is for you! <\/p>\n\n\n\n<div class=\"wp-block-buttons alignfull is-content-justification-center is-layout-flex wp-container-core-buttons-is-layout-a89b3969 wp-block-buttons-is-layout-flex\">\n<div class=\"wp-block-button\"><a class=\"wp-block-button__link has-text-align-center wp-element-button\" href=\"https:\/\/www.posanhanguera.com.br\/design-de-produtos-digitais-ux-ui-anhanguera-educacao-a-distancia\/p?homeSearch=true\" target=\"_blank\" rel=\"noreferrer noopener\">Learn about the postgraduate program<\/a><\/div>\n<\/div>\n<\/div><\/div><\/div>\n\n\n\n<div class=\"wp-block-stackable-column stk-block-column stk-column stk-block stk-84c506e\" data-v=\"4\" data-block-id=\"84c506e\"><div class=\"stk-column-wrapper stk-block-column__content stk-container stk-84c506e-container stk--no-background stk--no-padding\"><div class=\"stk-block-content stk-inner-blocks stk-84c506e-inner-blocks\">\n<figure class=\"wp-block-image size-large\"><img loading=\"lazy\" decoding=\"async\" width=\"1024\" height=\"1024\" src=\"https:\/\/patduarte.com.br\/wp-content\/uploads\/2026\/05\/thumb_livro-1024x1024.png\" alt=\"\" class=\"wp-image-695\" srcset=\"https:\/\/patduarte.com.br\/wp-content\/uploads\/2026\/05\/thumb_livro-1024x1024.png 1024w, https:\/\/patduarte.com.br\/wp-content\/uploads\/2026\/05\/thumb_livro-300x300.png 300w, https:\/\/patduarte.com.br\/wp-content\/uploads\/2026\/05\/thumb_livro-150x150.png 150w, https:\/\/patduarte.com.br\/wp-content\/uploads\/2026\/05\/thumb_livro-768x768.png 768w, https:\/\/patduarte.com.br\/wp-content\/uploads\/2026\/05\/thumb_livro-12x12.png 12w, https:\/\/patduarte.com.br\/wp-content\/uploads\/2026\/05\/thumb_livro.png 1080w\" sizes=\"auto, (max-width: 1024px) 100vw, 1024px\" \/><\/figure>\n\n\n\n<h3 class=\"wp-block-heading\">Se a experi\u00eancia for boa, <br>o estudante n\u00e3o desiste<\/h3>\n\n\n\n<p class=\"\">Livro derivado da pesquisa de mestrado sobre design centrado no humano aplicado \u00e0 educa\u00e7\u00e3o a dist\u00e2ncia, com foco em experi\u00eancia do estudante, perman\u00eancia, aprendizagem e inova\u00e7\u00e3o em EAD. Com o t\u00edtulo: Se a experi\u00eancia for boa, o estudante n\u00e3o desiste: a contribui\u00e7\u00e3o do design centrado no humano para a educa\u00e7\u00e3o a dist\u00e2ncia<\/p>\n\n\n\n<div class=\"wp-block-buttons is-content-justification-center is-layout-flex wp-container-core-buttons-is-layout-a89b3969 wp-block-buttons-is-layout-flex\">\n<div class=\"wp-block-button\"><a class=\"wp-block-button__link has-text-align-center wp-element-button\" href=\"https:\/\/www.google.com.br\/books\/edition\/Se_a_experi%C3%AAncia_for_boa_o_estudante_n\/RsbOEQAAQBAJ?hl=pt-BR&amp;gbpv=0\" target=\"_blank\" rel=\"noreferrer noopener\">Ver publica\u00e7\u00e3o<\/a><\/div>\n<\/div>\n<\/div><\/div><\/div>\n<\/div><\/div>\n\n\n\n<div class=\"wp-block-columns is-layout-flex wp-container-core-columns-is-layout-28f84493 wp-block-columns-is-layout-flex\">\n<div class=\"wp-block-column is-layout-flow wp-block-column-is-layout-flow\"><\/div>\n\n\n\n<div class=\"wp-block-column is-layout-flow wp-block-column-is-layout-flow\"><\/div>\n<\/div>\n\n\n\n<p class=\"\"><\/p>\n\n\n\n<p class=\"\"><\/p>\n\n\n\n<p class=\"\"><\/p>","protected":false},"excerpt":{"rendered":"<p>Sobre mim Sobre Mim Transforma\u00e7\u00e3o Atrav\u00e9s do Design Sou UX\/Product Designer Specialist, pesquisadora e professora universit\u00e1ria, com trajet\u00f3ria em produtos digitais, canais de clientes, sistemas internos e experi\u00eancias de autosservi\u00e7o. Trabalho principalmente em contextos com m\u00faltiplas regras, integra\u00e7\u00f5es, dados, stakeholders e necessidades diferentes. Gosto de organizar esse tipo de complexidade: entender o problema, ouvir usu\u00e1rios [&hellip;]<\/p>\n","protected":false},"author":1,"featured_media":0,"parent":0,"menu_order":0,"comment_status":"closed","ping_status":"closed","template":"","meta":{"nf_dc_page":"","footnotes":""},"class_list":["post-6","page","type-page","status-publish","hentry"],"blocksy_meta":{"styles_descriptor":{"styles":{"desktop":"","tablet":"","mobile":""},"google_fonts":[],"version":6},"page_title_panel":"","has_hero_section":"disabled","8f8bd19aff105d3311aae733daab4adf":"","hero_section":"type-1","hero_elements":[{"id":"custom_title","enabled":true,"heading_tag":"h1","title":"Home"},{"id":"custom_description","enabled":true,"description_visibility":{"desktop":true,"tablet":true,"mobile":false}},{"id":"custom_meta","enabled":false,"meta_elements":[{"id":"author","enabled":true,"label":"By","has_author_avatar":"yes","avatar_size":25},{"id":"post_date","enabled":true,"label":"On","date_format_source":"default","date_format":"M j, Y"},{"id":"updated_date","enabled":false,"label":"On","date_format_source":"default","date_format":"M j, Y"},{"id":"categories","enabled":false,"label":"In","style":"simple"},{"id":"comments","enabled":true}],"page_meta_elements":{"joined":true,"articles_count":true,"comments":true}},{"id":"breadcrumbs","enabled":false}],"961aeed23e84dff1ebb35b42597573c1":"","hero_alignment1":"CT_CSS_SKIP_RULE","hero_margin":40,"hero_alignment2":"center","hero_vertical_alignment":"center","ea1ac2210ea7cef5410707d0372fc014":"","hero_structure":"narrow","389e90b7c0b47b907a36b197d8bc4e9a":"","page_title_bg_type":"featured_image","custom_hero_background":{"attachment_id":null},"page_title_image_size":"full","parallax":{"desktop":false,"tablet":false,"mobile":false},"8e6d64ad6bbdce87d7b0d7d5046c017b":"","hero_height":"250px","pageTitleFont":{"family":"Default","variation":"Default","size":"30px","line-height":"CT_CSS_SKIP_RULE","letter-spacing":"CT_CSS_SKIP_RULE","text-transform":"CT_CSS_SKIP_RULE","text-decoration":"CT_CSS_SKIP_RULE"},"pageTitleFontColor":{"default":{"color":"CT_CSS_SKIP_RULEDEFAULT"}},"pageMetaFont":{"family":"Default","variation":"n6","size":"12px","line-height":"1.3","letter-spacing":"CT_CSS_SKIP_RULE","text-transform":"uppercase","text-decoration":"CT_CSS_SKIP_RULE"},"pageMetaFontColor":{"default":{"color":"CT_CSS_SKIP_RULEDEFAULT"},"hover":{"color":"CT_CSS_SKIP_RULEDEFAULT"}},"page_meta_button_type_font_colors":{"default":{"color":"CT_CSS_SKIP_RULEDEFAULT"},"hover":{"color":"CT_CSS_SKIP_RULEDEFAULT"}},"page_meta_button_type_background_colors":{"default":{"color":"CT_CSS_SKIP_RULEDEFAULT"},"hover":{"color":"CT_CSS_SKIP_RULEDEFAULT"}},"pageExcerptFont":{"family":"Default","variation":"Default","size":"CT_CSS_SKIP_RULE","line-height":"CT_CSS_SKIP_RULE","letter-spacing":"CT_CSS_SKIP_RULE","text-transform":"CT_CSS_SKIP_RULE","text-decoration":"CT_CSS_SKIP_RULE"},"pageExcerptColor":{"default":{"color":"CT_CSS_SKIP_RULEDEFAULT"}},"breadcrumbsFont":{"family":"Default","variation":"Default","size":"CT_CSS_SKIP_RULE","line-height":"CT_CSS_SKIP_RULE","letter-spacing":"CT_CSS_SKIP_RULE","text-transform":"CT_CSS_SKIP_RULE","text-decoration":"CT_CSS_SKIP_RULE"},"breadcrumbsFontColor":{"default":{"color":"CT_CSS_SKIP_RULEDEFAULT"},"initial":{"color":"CT_CSS_SKIP_RULEDEFAULT"},"hover":{"color":"CT_CSS_SKIP_RULEDEFAULT"}},"pageTitleOverlay":{"background_type":"color","background_pattern":"type-1","background_image":{"attachment_id":null,"x":0,"y":0},"gradient":"linear-gradient(135deg,rgba(6,147,227,1) 0%,rgb(155,81,224) 100%)","background_repeat":"repeat","background_size":"auto","background_attachment":"scroll","patternColor":{"default":{"color":"#e5e7ea"}},"overlayColor":{"default":{"color":"CT_CSS_SKIP_RULE"}},"backgroundColor":{"default":{"color":"CT_CSS_SKIP_RULE"}}},"pageTitleBackground":{"background_type":"color","background_pattern":"type-1","background_image":{"attachment_id":null,"x":0,"y":0},"gradient":"linear-gradient(135deg,rgba(6,147,227,1) 0%,rgb(155,81,224) 100%)","background_repeat":"repeat","background_size":"auto","background_attachment":"scroll","patternColor":{"default":{"color":"#e5e7ea"}},"overlayColor":{"default":{"color":"CT_CSS_SKIP_RULE"}},"backgroundColor":{"default":{"color":"var(--theme-palette-color-6)"}}},"pageTitlePadding":{"top":"50px","bottom":"50px","left":"auto","right":"auto","linked":true},"d776914f90ab83d10f22d09affbeb051":"","page_structure_type":"default","e2ea881dc3c0deb43e587cd26de804f7":"","content_style_source":"inherit","content_style":"wide","vertical_spacing_source":"custom","content_area_spacing":"none","background":{"background_type":"color","background_pattern":"type-1","background_image":{"attachment_id":null,"x":0,"y":0},"gradient":"linear-gradient(135deg,rgba(6,147,227,1) 0%,rgb(155,81,224) 100%)","background_repeat":"repeat","background_size":"auto","background_attachment":"scroll","patternColor":{"default":{"color":"#e5e7ea"}},"overlayColor":{"default":{"color":"CT_CSS_SKIP_RULE"}},"backgroundColor":{"default":{"color":"CT_CSS_SKIP_RULE"}}},"content_background":{"background_type":"color","background_pattern":"type-1","background_image":{"attachment_id":null,"x":0,"y":0},"gradient":"linear-gradient(135deg,rgba(6,147,227,1) 0%,rgb(155,81,224) 100%)","background_repeat":"repeat","background_size":"auto","background_attachment":"scroll","patternColor":{"default":{"color":"#e5e7ea"}},"overlayColor":{"default":{"color":"CT_CSS_SKIP_RULE"}},"backgroundColor":{"default":{"color":"var(--theme-palette-color-8)"}}},"content_boxed_shadow":{"inherit":false,"blur":18,"spread":-6,"v_offset":12,"h_offset":0,"inset":false,"enable":true,"color":{"color":"rgba(34, 56, 101, 0.04)"}},"content_boxed_border":{"width":1,"style":"none","color":{"color":"rgba(44,62,80,0.2)"}},"content_boxed_radius":{"top":"3px","bottom":"3px","left":"3px","right":"3px","linked":true},"boxed_content_spacing":{"desktop":{"top":"40px","bottom":"40px","left":"40px","right":"40px","linked":true},"tablet":{"top":"35px","bottom":"35px","left":"35px","right":"35px","linked":true},"mobile":{"top":"20px","bottom":"20px","left":"20px","right":"20px","linked":true}},"86707fa3dfe090605441fb9d844e9df5":"","disable_featured_image":"no","disable_share_box":"no","disable_header":"no","disable_footer":"no"},"_links":{"self":[{"href":"https:\/\/patduarte.com.br\/en\/wp-json\/wp\/v2\/pages\/6","targetHints":{"allow":["GET"]}}],"collection":[{"href":"https:\/\/patduarte.com.br\/en\/wp-json\/wp\/v2\/pages"}],"about":[{"href":"https:\/\/patduarte.com.br\/en\/wp-json\/wp\/v2\/types\/page"}],"author":[{"embeddable":true,"href":"https:\/\/patduarte.com.br\/en\/wp-json\/wp\/v2\/users\/1"}],"replies":[{"embeddable":true,"href":"https:\/\/patduarte.com.br\/en\/wp-json\/wp\/v2\/comments?post=6"}],"version-history":[{"count":5,"href":"https:\/\/patduarte.com.br\/en\/wp-json\/wp\/v2\/pages\/6\/revisions"}],"predecessor-version":[{"id":698,"href":"https:\/\/patduarte.com.br\/en\/wp-json\/wp\/v2\/pages\/6\/revisions\/698"}],"wp:attachment":[{"href":"https:\/\/patduarte.com.br\/en\/wp-json\/wp\/v2\/media?parent=6"}],"curies":[{"name":"wp","href":"https:\/\/api.w.org\/{rel}","templated":true}]}}